{"id":1140,"date":"2025-06-07T16:29:45","date_gmt":"2025-06-07T16:29:45","guid":{"rendered":"https:\/\/ceyesovinternational.com\/?page_id=1140"},"modified":"2025-06-07T16:35:25","modified_gmt":"2025-06-07T16:35:25","slug":"refund-and-cancellation-policy","status":"publish","type":"page","link":"https:\/\/ceyesovinternational.com\/es\/refund-and-cancellation-policy\/","title":{"rendered":"Pol\u00edticas de Reembolso y Cancelaci\u00f3n"},"content":{"rendered":"<div data-elementor-type=\"wp-page\" data-elementor-id=\"1140\" class=\"elementor elementor-1140\">\n\t\t\t\t<div class=\"elementor-element elementor-element-27465d9c elementor-hidden-desktop elementor-hidden-tablet elementor-hidden-mobile e-flex e-con-boxed e-con e-parent\" data-id=\"27465d9c\" data-element_type=\"container\" data-e-type=\"container\">\n\t\t\t\t\t<div class=\"e-con-inner\">\n\t\t\t\t<div class=\"elementor-element elementor-element-1bafc474 elementor-widget elementor-widget-text-editor\" data-id=\"1bafc474\" data-element_type=\"widget\" data-e-type=\"widget\" data-widget_type=\"text-editor.default\">\n\t\t\t\t<div class=\"elementor-widget-container\">\n\t\t\t\t\t\t\t\t\t\n<h2 class=\"wp-block-heading\">Who we are<\/h2>\n\n\n<p><strong class=\"privacy-policy-tutorial\">Suggested text: <\/strong>Our website address is: http:\/\/gator4457\/cgi\/addon_GT.cgi?s=GT::WP::Install::Cpanel+%28wptsgkte%29+-+127.0.0.1+%5Bnocaller%5D.<\/p>\n\n\n<h2 class=\"wp-block-heading\">Comments<\/h2>\n\n\n<p><strong class=\"privacy-policy-tutorial\">Suggested text: <\/strong>When visitors leave comments on the site we collect the data shown in the comments form, and also the visitor&#8217;s IP address and browser user agent string to help spam detection.<\/p>\n\n\n<p>An anonymized string created from your email address (also called a hash) may be provided to the Gravatar service to see if you are using it. The Gravatar service privacy policy is available here: https:\/\/automattic.com\/privacy\/. After approval of your comment, your profile picture is visible to the public in the context of your comment.<\/p>\n\n\n<h2 class=\"wp-block-heading\">Media<\/h2>\n\n\n<p><strong class=\"privacy-policy-tutorial\">Suggested text: <\/strong>If you upload images to the website, you should avoid uploading images with embedded location data (EXIF GPS) included. Visitors to the website can download and extract any location data from images on the website.<\/p>\n\n\n<h2 class=\"wp-block-heading\">Cookies<\/h2>\n\n\n<p><strong class=\"privacy-policy-tutorial\">Suggested text: <\/strong>If you leave a comment on our site you may opt-in to saving your name, email address and website in cookies. These are for your convenience so that you do not have to fill in your details again when you leave another comment. These cookies will last for one year.<\/p>\n\n\n<p>If you visit our login page, we will set a temporary cookie to determine if your browser accepts cookies. This cookie contains no personal data and is discarded when you close your browser.<\/p>\n\n\n<p>When you log in, we will also set up several cookies to save your login information and your screen display choices. Login cookies last for two days, and screen options cookies last for a year. If you select &quot;Remember Me&quot;, your login will persist for two weeks. If you log out of your account, the login cookies will be removed.<\/p>\n\n\n<p>If you edit or publish an article, an additional cookie will be saved in your browser. This cookie includes no personal data and simply indicates the post ID of the article you just edited. It expires after 1 day.<\/p>\n\n\n<h2 class=\"wp-block-heading\">Embedded content from other websites<\/h2>\n\n\n<p><strong class=\"privacy-policy-tutorial\">Suggested text: <\/strong>Articles on this site may include embedded content (e.g. videos, images, articles, etc.). Embedded content from other websites behaves in the exact same way as if the visitor has visited the other website.<\/p>\n\n\n<p>These websites may collect data about you, use cookies, embed additional third-party tracking, and monitor your interaction with that embedded content, including tracking your interaction with the embedded content if you have an account and are logged in to that website.<\/p>\n\n\n<h2 class=\"wp-block-heading\">Who we share your data with<\/h2>\n\n\n<p><strong class=\"privacy-policy-tutorial\">Suggested text: <\/strong>If you request a password reset, your IP address will be included in the reset email.<\/p>\n\n\n<h2 class=\"wp-block-heading\">How long we retain your data<\/h2>\n\n\n<p><strong class=\"privacy-policy-tutorial\">Suggested text: <\/strong>If you leave a comment, the comment and its metadata are retained indefinitely. This is so we can recognize and approve any follow-up comments automatically instead of holding them in a moderation queue.<\/p>\n\n\n<p>For users that register on our website (if any), we also store the personal information they provide in their user profile. All users can see, edit, or delete their personal information at any time (except they cannot change their username). Website administrators can also see and edit that information.<\/p>\n\n\n<h2 class=\"wp-block-heading\">What rights you have over your data<\/h2>\n\n\n<p><strong class=\"privacy-policy-tutorial\">Suggested text: <\/strong>If you have an account on this site, or have left comments, you can request to receive an exported file of the personal data we hold about you, including any data you have provided to us. You can also request that we erase any personal data we hold about you. This does not include any data we are obliged to keep for administrative, legal, or security purposes.<\/p>\n\n\n<h2 class=\"wp-block-heading\">Where your data is sent<\/h2>\n\n\n<p><strong class=\"privacy-policy-tutorial\">Suggested text: <\/strong>Visitor comments may be checked through an automated spam detection service.<\/p>\n\n\t\t\t\t\t\t\t\t<\/div>\n\t\t\t\t<\/div>\n\t\t\t\t\t<\/div>\n\t\t\t\t<\/div>\n\t\t<div class=\"elementor-element elementor-element-3647cfb e-con-full e-flex e-con e-parent\" data-id=\"3647cfb\" data-element_type=\"container\" data-e-type=\"container\">\n\t\t\t\t<div class=\"elementor-element elementor-element-a67cecb elementor-widget elementor-widget-heading\" data-id=\"a67cecb\" data-element_type=\"widget\" data-e-type=\"widget\" data-widget_type=\"heading.default\">\n\t\t\t\t<div class=\"elementor-widget-container\">\n\t\t\t\t\t<h2 class=\"elementor-heading-title elementor-size-default\">Pol\u00edticas de Reembolso y Cancelaci\u00f3n<\/h2>\t\t\t\t<\/div>\n\t\t\t\t<\/div>\n\t\t\t\t<div class=\"elementor-element elementor-element-41320e8 elementor-widget elementor-widget-text-editor\" data-id=\"41320e8\" data-element_type=\"widget\" data-e-type=\"widget\" data-widget_type=\"text-editor.default\">\n\t\t\t\t<div class=\"elementor-widget-container\">\n\t\t\t\t\t\t\t\t\t<p><strong >1.\u2060 \u2060Cancelaci\u00f3n por parte del asistente<\/strong><\/h3>\n<p data-start=\"218\" data-end=\"556\" class=\"translation-block\">Una vez confirmado y procesado el pago, no se aceptar\u00e1n <strong data-start=\"269\" data-end=\"352\">cancelaciones ni reembolsos por iniciativa del asistente<\/strong>. Esto se debe a que los pagos se utilizan inmediatamente para cubrir conceptos no reembolsables como hospedaje, inscripciones y accesos al evento, por lo cual no es posible reasignar ni transferir el monto.<\/p>\n\n<p><strong>2.\u2060 \u2060Cancelaci\u00f3n o modificaci\u00f3n por parte del organizador<\/strong><\/h3>\n<p data-start=\"622\" data-end=\"982\" class=\"translation-block\">En caso de que el evento sea cancelado por causas de fuerza mayor o por decisi\u00f3n de los organizadores, se ofrecer\u00e1n a los asistentes las siguientes opciones:\n\t<br data-start=\"773\" data-end=\"776\">\u2022 <strong data-start=\"780\" data-end=\"795\">Reembolso del 100%<\/strong> del monto pagado por el boleto, dentro de un plazo de <strong data-start=\"848\" data-end=\"868\">30 d\u00edas h\u00e1biles<\/strong>, o<br data-start=\"872\" data-end=\"875\">\u2022 <strong data-start=\"891\" data-end=\"912\">Conservaci\u00f3n del boleto<\/strong> para una nueva fecha del evento, con acceso garantizado sin costo adicional.<\/p>\n\n<p><strong>3.\u2060 \u2060Cesi\u00f3n de lugar a otro asistente<\/strong><\/h3>\n<p data-start=\"1041\" data-end=\"1333\" class=\"translation-block\">Como alternativa, si el comprador no puede asistir, podr\u00e1 ceder su lugar a otra persona <strong data-start=\"1163\" data-end=\"1247\"> notific\u00e1ndolo por escrito a los organizadores con al menos 15 d\u00edas naturales de anticipaci\u00f3n al inicio del evento<\/strong>, siempre que no se hayan emitido los accesos personales o credenciales.<\/p>\t\t\t\t\t\t\t\t<\/div>\n\t\t\t\t<\/div>\n\t\t\t\t<div class=\"elementor-element elementor-element-d2e8562 elementor-hidden-desktop elementor-hidden-tablet elementor-hidden-mobile elementor-widget elementor-widget-text-editor\" data-id=\"d2e8562\" data-element_type=\"widget\" data-e-type=\"widget\" data-widget_type=\"text-editor.default\">\n\t\t\t\t<div class=\"elementor-widget-container\">\n\t\t\t\t\t\t\t\t\t<p data-start=\"211\" data-end=\"464\">Once payment for the event ticket has been completed, <strong data-start=\"265\" data-end=\"348\">cancellations or refund requests initiated by the attendee will not be accepted<\/strong>. This is due to the limited number of available spots; your place is reserved as soon as your payment is confirmed.<\/p>\n<p data-start=\"466\" data-end=\"628\">In the event that the program is canceled due to <strong data-start=\"515\" data-end=\"532\">force majeure<\/strong> or by decision of the organizers, attendees will be notified and offered the following options:<\/p>\n<ul data-start=\"630\" data-end=\"791\">\n<li data-start=\"630\" data-end=\"680\">\n<p data-start=\"632\" data-end=\"680\">A <strong data-start=\"634\" data-end=\"649\">full refund<\/strong> of the ticket price<\/p>\n<\/li>\n<li data-start=\"681\" data-end=\"791\">\n<p data-start=\"683\" data-end=\"791\">The option to <strong data-start=\"697\" data-end=\"719\">retain your ticket<\/strong> for a new event date, with full access guaranteed at no additional cost<\/p>\n<\/li>\n<\/ul>\t\t\t\t\t\t\t\t<\/div>\n\t\t\t\t<\/div>\n\t\t\t\t<\/div>\n\t\t\t\t<\/div>","protected":false},"excerpt":{"rendered":"<p>Who we are Suggested text: Our website address is: http:\/\/gator4457\/cgi\/addon_GT.cgi?s=GT::WP::Install::Cpanel+%28wptsgkte%29+-+127.0.0.1+%5Bnocaller%5D. Comments Suggested text: When visitors leave comments on the site we collect the data shown in the comments form, and also the visitor&#8217;s IP address and browser user agent string to help spam detection. An anonymized string created from your email address (also called a [&hellip;]<\/p>\n","protected":false},"author":3,"featured_media":0,"parent":0,"menu_order":0,"comment_status":"closed","ping_status":"closed","template":"no-title","meta":{"nf_dc_page":"","om_disable_all_campaigns":false,"_monsterinsights_skip_tracking":false,"_monsterinsights_sitenote_active":false,"_monsterinsights_sitenote_note":"","_monsterinsights_sitenote_category":0,"footnotes":""},"class_list":["post-1140","page","type-page","status-publish","hentry"],"yoast_head":"<!-- This site is optimized with the Yoast SEO plugin v27.5 - https:\/\/yoast.com\/product\/yoast-seo-wordpress\/ -->\n<title>Refund and Cancellation Policy - Ceyesov International<\/title>\n<meta name=\"robots\" content=\"index, follow, max-snippet:-1, max-image-preview:large, max-video-preview:-1\" \/>\n<link rel=\"canonical\" href=\"https:\/\/ceyesovinternational.com\/es\/refund-and-cancellation-policy\/\" \/>\n<meta property=\"og:locale\" content=\"es_MX\" \/>\n<meta property=\"og:type\" content=\"article\" \/>\n<meta property=\"og:title\" content=\"Refund and Cancellation Policy - Ceyesov International\" \/>\n<meta property=\"og:description\" content=\"Who we are Suggested text: Our website address is: http:\/\/gator4457\/cgi\/addon_GT.cgi?s=GT::WP::Install::Cpanel+%28wptsgkte%29+-+127.0.0.1+%5Bnocaller%5D. Comments Suggested text: When visitors leave comments on the site we collect the data shown in the comments form, and also the visitor&#8217;s IP address and browser user agent string to help spam detection. An anonymized string created from your email address (also called a [&hellip;]\" \/>\n<meta property=\"og:url\" content=\"https:\/\/ceyesovinternational.com\/es\/refund-and-cancellation-policy\/\" \/>\n<meta property=\"og:site_name\" content=\"Ceyesov International\" \/>\n<meta property=\"article:modified_time\" content=\"2025-06-07T16:35:25+00:00\" \/>\n<meta name=\"twitter:card\" content=\"summary_large_image\" \/>\n<meta name=\"twitter:label1\" content=\"Tiempo de lectura\" \/>\n\t<meta name=\"twitter:data1\" content=\"4 minutos\" \/>\n<script type=\"application\/ld+json\" class=\"yoast-schema-graph\">{\"@context\":\"https:\\\/\\\/schema.org\",\"@graph\":[{\"@type\":\"WebPage\",\"@id\":\"https:\\\/\\\/ceyesovinternational.com\\\/refund-and-cancellation-policy\\\/\",\"url\":\"https:\\\/\\\/ceyesovinternational.com\\\/refund-and-cancellation-policy\\\/\",\"name\":\"Refund and Cancellation Policy - Ceyesov International\",\"isPartOf\":{\"@id\":\"https:\\\/\\\/wpt.sgk.temporary.site\\\/#website\"},\"datePublished\":\"2025-06-07T16:29:45+00:00\",\"dateModified\":\"2025-06-07T16:35:25+00:00\",\"breadcrumb\":{\"@id\":\"https:\\\/\\\/ceyesovinternational.com\\\/refund-and-cancellation-policy\\\/#breadcrumb\"},\"inLanguage\":\"es\",\"potentialAction\":[{\"@type\":\"ReadAction\",\"target\":[\"https:\\\/\\\/ceyesovinternational.com\\\/refund-and-cancellation-policy\\\/\"]}]},{\"@type\":\"BreadcrumbList\",\"@id\":\"https:\\\/\\\/ceyesovinternational.com\\\/refund-and-cancellation-policy\\\/#breadcrumb\",\"itemListElement\":[{\"@type\":\"ListItem\",\"position\":1,\"name\":\"Home\",\"item\":\"https:\\\/\\\/ceyesovinternational.com\\\/\"},{\"@type\":\"ListItem\",\"position\":2,\"name\":\"Refund and Cancellation Policy\"}]},{\"@type\":\"WebSite\",\"@id\":\"https:\\\/\\\/wpt.sgk.temporary.site\\\/#website\",\"url\":\"https:\\\/\\\/wpt.sgk.temporary.site\\\/\",\"name\":\"Ceyesov International\",\"description\":\"\",\"publisher\":{\"@id\":\"https:\\\/\\\/wpt.sgk.temporary.site\\\/#organization\"},\"potentialAction\":[{\"@type\":\"SearchAction\",\"target\":{\"@type\":\"EntryPoint\",\"urlTemplate\":\"https:\\\/\\\/wpt.sgk.temporary.site\\\/?s={search_term_string}\"},\"query-input\":{\"@type\":\"PropertyValueSpecification\",\"valueRequired\":true,\"valueName\":\"search_term_string\"}}],\"inLanguage\":\"es\"},{\"@type\":\"Organization\",\"@id\":\"https:\\\/\\\/wpt.sgk.temporary.site\\\/#organization\",\"name\":\"Ceyesov International\",\"url\":\"https:\\\/\\\/wpt.sgk.temporary.site\\\/\",\"logo\":{\"@type\":\"ImageObject\",\"inLanguage\":\"es\",\"@id\":\"https:\\\/\\\/wpt.sgk.temporary.site\\\/#\\\/schema\\\/logo\\\/image\\\/\",\"url\":\"https:\\\/\\\/i0.wp.com\\\/ceyesovinternational.com\\\/wp-content\\\/uploads\\\/2025\\\/04\\\/logofull.webp?fit=381%2C120&ssl=1\",\"contentUrl\":\"https:\\\/\\\/i0.wp.com\\\/ceyesovinternational.com\\\/wp-content\\\/uploads\\\/2025\\\/04\\\/logofull.webp?fit=381%2C120&ssl=1\",\"width\":381,\"height\":120,\"caption\":\"Ceyesov International\"},\"image\":{\"@id\":\"https:\\\/\\\/wpt.sgk.temporary.site\\\/#\\\/schema\\\/logo\\\/image\\\/\"}}]}<\/script>\n<!-- \/ Yoast SEO plugin. -->","yoast_head_json":{"title":"Refund and Cancellation Policy - Ceyesov International","robots":{"index":"index","follow":"follow","max-snippet":"max-snippet:-1","max-image-preview":"max-image-preview:large","max-video-preview":"max-video-preview:-1"},"canonical":"https:\/\/ceyesovinternational.com\/es\/refund-and-cancellation-policy\/","og_locale":"es_MX","og_type":"article","og_title":"Refund and Cancellation Policy - Ceyesov International","og_description":"Who we are Suggested text: Our website address is: http:\/\/gator4457\/cgi\/addon_GT.cgi?s=GT::WP::Install::Cpanel+%28wptsgkte%29+-+127.0.0.1+%5Bnocaller%5D. Comments Suggested text: When visitors leave comments on the site we collect the data shown in the comments form, and also the visitor&#8217;s IP address and browser user agent string to help spam detection. An anonymized string created from your email address (also called a [&hellip;]","og_url":"https:\/\/ceyesovinternational.com\/es\/refund-and-cancellation-policy\/","og_site_name":"Ceyesov International","article_modified_time":"2025-06-07T16:35:25+00:00","twitter_card":"summary_large_image","twitter_misc":{"Tiempo de lectura":"4 minutos"},"schema":{"@context":"https:\/\/schema.org","@graph":[{"@type":"WebPage","@id":"https:\/\/ceyesovinternational.com\/refund-and-cancellation-policy\/","url":"https:\/\/ceyesovinternational.com\/refund-and-cancellation-policy\/","name":"Refund and Cancellation Policy - Ceyesov International","isPartOf":{"@id":"https:\/\/wpt.sgk.temporary.site\/#website"},"datePublished":"2025-06-07T16:29:45+00:00","dateModified":"2025-06-07T16:35:25+00:00","breadcrumb":{"@id":"https:\/\/ceyesovinternational.com\/refund-and-cancellation-policy\/#breadcrumb"},"inLanguage":"es","potentialAction":[{"@type":"ReadAction","target":["https:\/\/ceyesovinternational.com\/refund-and-cancellation-policy\/"]}]},{"@type":"BreadcrumbList","@id":"https:\/\/ceyesovinternational.com\/refund-and-cancellation-policy\/#breadcrumb","itemListElement":[{"@type":"ListItem","position":1,"name":"Home","item":"https:\/\/ceyesovinternational.com\/"},{"@type":"ListItem","position":2,"name":"Refund and Cancellation Policy"}]},{"@type":"WebSite","@id":"https:\/\/wpt.sgk.temporary.site\/#website","url":"https:\/\/wpt.sgk.temporary.site\/","name":"Ceyesov International","description":"","publisher":{"@id":"https:\/\/wpt.sgk.temporary.site\/#organization"},"potentialAction":[{"@type":"SearchAction","target":{"@type":"EntryPoint","urlTemplate":"https:\/\/wpt.sgk.temporary.site\/?s={search_term_string}"},"query-input":{"@type":"PropertyValueSpecification","valueRequired":true,"valueName":"search_term_string"}}],"inLanguage":"es"},{"@type":"Organization","@id":"https:\/\/wpt.sgk.temporary.site\/#organization","name":"Ceyesov International","url":"https:\/\/wpt.sgk.temporary.site\/","logo":{"@type":"ImageObject","inLanguage":"es","@id":"https:\/\/wpt.sgk.temporary.site\/#\/schema\/logo\/image\/","url":"https:\/\/i0.wp.com\/ceyesovinternational.com\/wp-content\/uploads\/2025\/04\/logofull.webp?fit=381%2C120&ssl=1","contentUrl":"https:\/\/i0.wp.com\/ceyesovinternational.com\/wp-content\/uploads\/2025\/04\/logofull.webp?fit=381%2C120&ssl=1","width":381,"height":120,"caption":"Ceyesov International"},"image":{"@id":"https:\/\/wpt.sgk.temporary.site\/#\/schema\/logo\/image\/"}}]}},"jetpack_sharing_enabled":true,"_links":{"self":[{"href":"https:\/\/ceyesovinternational.com\/es\/wp-json\/wp\/v2\/pages\/1140","targetHints":{"allow":["GET"]}}],"collection":[{"href":"https:\/\/ceyesovinternational.com\/es\/wp-json\/wp\/v2\/pages"}],"about":[{"href":"https:\/\/ceyesovinternational.com\/es\/wp-json\/wp\/v2\/types\/page"}],"author":[{"embeddable":true,"href":"https:\/\/ceyesovinternational.com\/es\/wp-json\/wp\/v2\/users\/3"}],"replies":[{"embeddable":true,"href":"https:\/\/ceyesovinternational.com\/es\/wp-json\/wp\/v2\/comments?post=1140"}],"version-history":[{"count":4,"href":"https:\/\/ceyesovinternational.com\/es\/wp-json\/wp\/v2\/pages\/1140\/revisions"}],"predecessor-version":[{"id":1146,"href":"https:\/\/ceyesovinternational.com\/es\/wp-json\/wp\/v2\/pages\/1140\/revisions\/1146"}],"wp:attachment":[{"href":"https:\/\/ceyesovinternational.com\/es\/wp-json\/wp\/v2\/media?parent=1140"}],"curies":[{"name":"wp","href":"https:\/\/api.w.org\/{rel}","templated":true}]}}